{"id":115,"date":"2025-10-09T11:37:30","date_gmt":"2025-10-09T11:37:30","guid":{"rendered":"https:\/\/radiomega.es\/?page_id=115"},"modified":"2026-01-08T20:15:29","modified_gmt":"2026-01-08T20:15:29","slug":"home","status":"publish","type":"page","link":"https:\/\/radiomega.es\/","title":{"rendered":"HOME"},"content":{"rendered":"\t\t<div data-elementor-type=\"wp-page\" data-elementor-id=\"115\" class=\"elementor elementor-115\">\n\t\t\t\t\t\t<section class=\"elementor-section elementor-top-section elementor-element elementor-element-tw1f6me elementor-section-full_width elementor-section-height-default elementor-section-height-default\" data-id=\"tw1f6me\" data-element_type=\"section\" data-settings=\"{&quot;background_background&quot;:&quot;classic&quot;}\">\n\t\t\t\t\t\t<div class=\"elementor-container elementor-column-gap-no\">\n\t\t\t\t\t<div class=\"elementor-column elementor-col-100 elementor-top-column elementor-element elementor-element-5ffd739\" data-id=\"5ffd739\" data-element_type=\"column\">\n\t\t\t<div class=\"elementor-widget-wrap elementor-element-populated\">\n\t\t\t\t\t\t<div class=\"elementor-element elementor-element-db39ed2 elementor-widget elementor-widget-image\" data-id=\"db39ed2\" data-element_type=\"widget\" data-widget_type=\"image.default\">\n\t\t\t\t\t\t\t\t\t\t\t\t\t\t\t<img decoding=\"async\" src=\"https:\/\/radiomega.es\/wp-content\/uploads\/elementor\/thumbs\/megasl3-rd1n9j5bgdpfwyptvqwe60y7ty2o0aki9i7tcf37g0.webp\" title=\"megasl3\" alt=\"megasl3\" loading=\"lazy\" \/>\t\t\t\t\t\t\t\t\t\t\t\t\t\t\t<\/div>\n\t\t\t\t\t<\/div>\n\t\t<\/div>\n\t\t\t\t\t<\/div>\n\t\t<\/section>\n\t\t<div class=\"elementor-element elementor-element-5613f02 e-flex e-con-boxed e-con e-parent\" data-id=\"5613f02\" data-element_type=\"container\">\n\t\t\t\t\t<div class=\"e-con-inner\">\n\t\t\t\t<div class=\"elementor-element elementor-element-d65640e elementor-widget elementor-widget-heading\" data-id=\"d65640e\" data-element_type=\"widget\" data-widget_type=\"heading.default\">\n\t\t\t\t\t<h2 class=\"elementor-heading-title elementor-size-default\">Escucha nuestra emisi\u00f3n en directo<\/h2>\t\t\t\t<\/div>\n\t\t\t\t<div class=\"elementor-element elementor-element-afe1149 elementor-widget elementor-widget-text-editor\" data-id=\"afe1149\" data-element_type=\"widget\" data-widget_type=\"text-editor.default\">\n\t\t\t\t\t\t\t\t\t<div id=\"stream\" style=\"width: auto; height: 300px;\">\u00a0<\/div><p><script src=\"https:\/\/sistemahost.com\/playergenerator\/js\/jquery-3.2.1.min.js\"><\/script> <script src=\"https:\/\/sistemahost.com\/playergenerator\/js\/player.js\"><\/script> <script> $('#stream').lunaradio({ streamurl: 'https:\/\/sonic.sistemahost.es:8260', radioname: 'Radio MEGA', coverimage: 'https:\/\/cdn.discordapp.com\/attachments\/1227176493956993077\/1262735456693387295\/LOGOTIPO_PNG_500_X_500.jpg?ex=66a190c9&is=66a03f49&hm=c35759e881de9678044ad3fc3d645a28925afbce4c29b41081de434ee9139d69&', onlycoverimage: false, userinterface: 'big', backgroundcolor: '#ffffff', fontcolor: '#000000', hightlightcolor: '#6c757d', fontname: 'Raleway', googlefont: 'Raleway:wght@100', fontratio: '0.4', scroll: 'true', coverstyle: 'animated', usevisualizer: 'real', visualizertype: '4', streamtype: 'shoutcast2', shoutcastpath: '\/stream', shoutcastid: '1', autoplay: 'true', metadatainterval: '5000', volume: '100', usestreamcorsproxy: 'true', }); <\/script><\/p>\t\t\t\t\t\t\t\t<\/div>\n\t\t\t\t<div class=\"elementor-element elementor-element-69accd4 elementor-widget elementor-widget-heading\" data-id=\"69accd4\" data-element_type=\"widget\" data-widget_type=\"heading.default\">\n\t\t\t\t\t<h2 class=\"elementor-heading-title elementor-size-default\">Interact\u00faa con nuestra comunidad de discord<\/h2>\t\t\t\t<\/div>\n\t\t\t\t\t<\/div>\n\t\t\t\t<\/div>\n\t\t<div class=\"elementor-element elementor-element-a934ea3 e-flex e-con-boxed e-con e-parent\" data-id=\"a934ea3\" data-element_type=\"container\">\n\t\t\t\t\t<div class=\"e-con-inner\">\n\t\t\t\t<div class=\"elementor-element elementor-element-5827abb elementor-widget elementor-widget-text-editor\" data-id=\"5827abb\" data-element_type=\"widget\" data-widget_type=\"text-editor.default\">\n\t\t\t\t\t\t\t\t\t<widgetbot\n    server=\"1133294987530993716\"\n    channel=\"1133294988348887046\"\n    width=\"100%\"\n    height=\"600\"\n><\/widgetbot>\n<script src=\"https:\/\/cdn.jsdelivr.net\/npm\/@widgetbot\/html-embed\"><\/script>\t\t\t\t\t\t\t\t<\/div>\n\t\t\t\t\t<\/div>\n\t\t\t\t<\/div>\n\t\t<div class=\"elementor-element elementor-element-ee99a51 e-flex e-con-boxed e-con e-parent\" data-id=\"ee99a51\" data-element_type=\"container\">\n\t\t\t\t\t<div class=\"e-con-inner\">\n\t\t\t\t<div class=\"elementor-element elementor-element-2b672d2 elementor-widget elementor-widget-heading\" data-id=\"2b672d2\" data-element_type=\"widget\" data-widget_type=\"heading.default\">\n\t\t\t\t\t<h2 class=\"elementor-heading-title elementor-size-default\">Consulta nuestra programaci\u00f3n Semanal<\/h2>\t\t\t\t<\/div>\n\t\t\t\t<div class=\"elementor-element elementor-element-e1b8b2a elementor-widget elementor-widget-text-editor\" data-id=\"e1b8b2a\" data-element_type=\"widget\" data-widget_type=\"text-editor.default\">\n\t\t\t\t\t\t\t\t\t<iframe src=\"https:\/\/calendar.google.com\/calendar\/embed?height=600&#038;wkst=1&#038;ctz=Europe%2FMadrid&#038;showPrint=0&#038;showNav=0&#038;showCalendars=0&#038;showTz=0&#038;mode=WEEK&#038;src=cmljaGlzZXY4NUBnbWFpbC5jb20&#038;src=ZXMuc3BhaW4jaG9saWRheUBncm91cC52LmNhbGVuZGFyLmdvb2dsZS5jb20&#038;color=%23039be5&#038;color=%230b8043\" style=\"border:solid 1px #777\" width=\"800\" height=\"600\" frameborder=\"0\" scrolling=\"no\"><\/iframe>\t\t\t\t\t\t\t\t<\/div>\n\t\t\t\t\t<\/div>\n\t\t\t\t<\/div>\n\t\t\t\t<\/div>\n\t\t","protected":false},"excerpt":{"rendered":"<p>Escucha nuestra emisi\u00f3n en directo \u00a0 Interact\u00faa con nuestra comunidad de discord Consulta nuestra programaci\u00f3n Semanal<\/p>\n","protected":false},"author":1,"featured_media":278,"parent":0,"menu_order":0,"comment_status":"closed","ping_status":"closed","template":"","meta":{"_uag_custom_page_level_css":"","site-sidebar-layout":"no-sidebar","site-content-layout":"","ast-site-content-layout":"full-width-container","site-content-style":"default","site-sidebar-style":"default","ast-global-header-display":"","ast-banner-title-visibility":"","ast-main-header-display":"","ast-hfb-above-header-display":"","ast-hfb-below-header-display":"","ast-hfb-mobile-header-display":"","site-post-title":"disabled","ast-breadcrumbs-content":"","ast-featured-img":"disabled","footer-sml-layout":"","ast-disable-related-posts":"","theme-transparent-header-meta":"","adv-header-id-meta":"","stick-header-meta":"","header-above-stick-meta":"","header-main-stick-meta":"","header-below-stick-meta":"","astra-migrate-meta-layouts":"default","ast-page-background-enabled":"default","ast-page-background-meta":{"desktop":{"background-color":"var(--ast-global-color-5)","background-image":"","background-repeat":"repeat","background-position":"center center","background-size":"auto","background-attachment":"scroll","background-type":"","background-media":"","overlay-type":"","overlay-color":"","overlay-opacity":"","overlay-gradient":""},"tablet":{"background-color":"","background-image":"","background-repeat":"repeat","background-position":"center center","background-size":"auto","background-attachment":"scroll","background-type":"","background-media":"","overlay-type":"","overlay-color":"","overlay-opacity":"","overlay-gradient":""},"mobile":{"background-color":"","background-image":"","background-repeat":"repeat","background-position":"center center","background-size":"auto","background-attachment":"scroll","background-type":"","background-media":"","overlay-type":"","overlay-color":"","overlay-opacity":"","overlay-gradient":""}},"ast-content-background-meta":{"desktop":{"background-color":"var(--ast-global-color-4)","background-image":"","background-repeat":"repeat","background-position":"center center","background-size":"auto","background-attachment":"scroll","background-type":"","background-media":"","overlay-type":"","overlay-color":"","overlay-opacity":"","overlay-gradient":""},"tablet":{"background-color":"var(--ast-global-color-4)","background-image":"","background-repeat":"repeat","background-position":"center center","background-size":"auto","background-attachment":"scroll","background-type":"","background-media":"","overlay-type":"","overlay-color":"","overlay-opacity":"","overlay-gradient":""},"mobile":{"background-color":"var(--ast-global-color-4)","background-image":"","background-repeat":"repeat","background-position":"center center","background-size":"auto","background-attachment":"scroll","background-type":"","background-media":"","overlay-type":"","overlay-color":"","overlay-opacity":"","overlay-gradient":""}},"footnotes":""},"class_list":["post-115","page","type-page","status-publish","has-post-thumbnail","hentry"],"yoast_head":"<!-- This site is optimized with the Yoast SEO plugin v26.7 - https:\/\/yoast.com\/wordpress\/plugins\/seo\/ -->\n<title>HOME -<\/title>\n<meta name=\"description\" content=\"Radio Mega es una emisora online sin \u00e1nimo de lucro que transmite m\u00fasica en vivo las 24 horas del d\u00eda. Nuestro objetivo es compartir buena m\u00fasica, cultura y entretenimiento con oyentes de todo el mundo.Disfruta de los mejores \u00e9xitos del momento, cl\u00e1sicos inolvidables y programas en directo con locutores apasionados por la radio.\ud83c\udfa7 Radio Mega: tu radio online gratuita y comunitaria, donde la m\u00fasica, la pasi\u00f3n y la gente se conectan. \u00a1Esc\u00fachanos en vivo y siente la energ\u00eda que solo Radio Mega puede darte!\" \/>\n<meta name=\"robots\" content=\"index, follow, max-snippet:-1, max-image-preview:large, max-video-preview:-1\" \/>\n<link rel=\"canonical\" href=\"https:\/\/radiomega.es\/\" \/>\n<meta property=\"og:locale\" content=\"en_US\" \/>\n<meta property=\"og:type\" content=\"article\" \/>\n<meta property=\"og:title\" content=\"HOME -\" \/>\n<meta property=\"og:description\" content=\"Radio Mega es una emisora online sin \u00e1nimo de lucro que transmite m\u00fasica en vivo las 24 horas del d\u00eda. Nuestro objetivo es compartir buena m\u00fasica, cultura y entretenimiento con oyentes de todo el mundo.Disfruta de los mejores \u00e9xitos del momento, cl\u00e1sicos inolvidables y programas en directo con locutores apasionados por la radio.\ud83c\udfa7 Radio Mega: tu radio online gratuita y comunitaria, donde la m\u00fasica, la pasi\u00f3n y la gente se conectan. \u00a1Esc\u00fachanos en vivo y siente la energ\u00eda que solo Radio Mega puede darte!\" \/>\n<meta property=\"og:url\" content=\"https:\/\/radiomega.es\/\" \/>\n<meta property=\"article:modified_time\" content=\"2026-01-08T20:15:29+00:00\" \/>\n<meta property=\"og:image\" content=\"https:\/\/radiomega.es\/wp-content\/uploads\/2025\/10\/megasl3.webp\" \/>\n\t<meta property=\"og:image:width\" content=\"1920\" \/>\n\t<meta property=\"og:image:height\" content=\"600\" \/>\n\t<meta property=\"og:image:type\" content=\"image\/webp\" \/>\n<meta name=\"twitter:card\" content=\"summary_large_image\" \/>\n<meta name=\"twitter:label1\" content=\"Est. reading time\" \/>\n\t<meta name=\"twitter:data1\" content=\"1 minute\" \/>\n<script type=\"application\/ld+json\" class=\"yoast-schema-graph\">{\"@context\":\"https:\/\/schema.org\",\"@graph\":[{\"@type\":\"WebPage\",\"@id\":\"https:\/\/radiomega.es\/\",\"url\":\"https:\/\/radiomega.es\/\",\"name\":\"HOME -\",\"isPartOf\":{\"@id\":\"https:\/\/radiomega.es\/#website\"},\"primaryImageOfPage\":{\"@id\":\"https:\/\/radiomega.es\/#primaryimage\"},\"image\":{\"@id\":\"https:\/\/radiomega.es\/#primaryimage\"},\"thumbnailUrl\":\"https:\/\/radiomega.es\/wp-content\/uploads\/2025\/10\/megasl3.webp\",\"datePublished\":\"2025-10-09T11:37:30+00:00\",\"dateModified\":\"2026-01-08T20:15:29+00:00\",\"description\":\"Radio Mega es una emisora online sin \u00e1nimo de lucro que transmite m\u00fasica en vivo las 24 horas del d\u00eda. Nuestro objetivo es compartir buena m\u00fasica, cultura y entretenimiento con oyentes de todo el mundo.Disfruta de los mejores \u00e9xitos del momento, cl\u00e1sicos inolvidables y programas en directo con locutores apasionados por la radio.\ud83c\udfa7 Radio Mega: tu radio online gratuita y comunitaria, donde la m\u00fasica, la pasi\u00f3n y la gente se conectan. \u00a1Esc\u00fachanos en vivo y siente la energ\u00eda que solo Radio Mega puede darte!\",\"breadcrumb\":{\"@id\":\"https:\/\/radiomega.es\/#breadcrumb\"},\"inLanguage\":\"en-US\",\"potentialAction\":[{\"@type\":\"ReadAction\",\"target\":[\"https:\/\/radiomega.es\/\"]}]},{\"@type\":\"ImageObject\",\"inLanguage\":\"en-US\",\"@id\":\"https:\/\/radiomega.es\/#primaryimage\",\"url\":\"https:\/\/radiomega.es\/wp-content\/uploads\/2025\/10\/megasl3.webp\",\"contentUrl\":\"https:\/\/radiomega.es\/wp-content\/uploads\/2025\/10\/megasl3.webp\",\"width\":1920,\"height\":600},{\"@type\":\"BreadcrumbList\",\"@id\":\"https:\/\/radiomega.es\/#breadcrumb\",\"itemListElement\":[{\"@type\":\"ListItem\",\"position\":1,\"name\":\"Portada\",\"item\":\"https:\/\/radiomega.es\/\"},{\"@type\":\"ListItem\",\"position\":2,\"name\":\"HOME\"}]},{\"@type\":\"WebSite\",\"@id\":\"https:\/\/radiomega.es\/#website\",\"url\":\"https:\/\/radiomega.es\/\",\"name\":\"\",\"description\":\"\",\"potentialAction\":[{\"@type\":\"SearchAction\",\"target\":{\"@type\":\"EntryPoint\",\"urlTemplate\":\"https:\/\/radiomega.es\/?s={search_term_string}\"},\"query-input\":{\"@type\":\"PropertyValueSpecification\",\"valueRequired\":true,\"valueName\":\"search_term_string\"}}],\"inLanguage\":\"en-US\"}]}<\/script>\n<!-- \/ Yoast SEO plugin. -->","yoast_head_json":{"title":"HOME -","description":"Radio Mega es una emisora online sin \u00e1nimo de lucro que transmite m\u00fasica en vivo las 24 horas del d\u00eda. Nuestro objetivo es compartir buena m\u00fasica, cultura y entretenimiento con oyentes de todo el mundo.Disfruta de los mejores \u00e9xitos del momento, cl\u00e1sicos inolvidables y programas en directo con locutores apasionados por la radio.\ud83c\udfa7 Radio Mega: tu radio online gratuita y comunitaria, donde la m\u00fasica, la pasi\u00f3n y la gente se conectan. \u00a1Esc\u00fachanos en vivo y siente la energ\u00eda que solo Radio Mega puede darte!","robots":{"index":"index","follow":"follow","max-snippet":"max-snippet:-1","max-image-preview":"max-image-preview:large","max-video-preview":"max-video-preview:-1"},"canonical":"https:\/\/radiomega.es\/","og_locale":"en_US","og_type":"article","og_title":"HOME -","og_description":"Radio Mega es una emisora online sin \u00e1nimo de lucro que transmite m\u00fasica en vivo las 24 horas del d\u00eda. Nuestro objetivo es compartir buena m\u00fasica, cultura y entretenimiento con oyentes de todo el mundo.Disfruta de los mejores \u00e9xitos del momento, cl\u00e1sicos inolvidables y programas en directo con locutores apasionados por la radio.\ud83c\udfa7 Radio Mega: tu radio online gratuita y comunitaria, donde la m\u00fasica, la pasi\u00f3n y la gente se conectan. \u00a1Esc\u00fachanos en vivo y siente la energ\u00eda que solo Radio Mega puede darte!","og_url":"https:\/\/radiomega.es\/","article_modified_time":"2026-01-08T20:15:29+00:00","og_image":[{"width":1920,"height":600,"url":"https:\/\/radiomega.es\/wp-content\/uploads\/2025\/10\/megasl3.webp","type":"image\/webp"}],"twitter_card":"summary_large_image","twitter_misc":{"Est. reading time":"1 minute"},"schema":{"@context":"https:\/\/schema.org","@graph":[{"@type":"WebPage","@id":"https:\/\/radiomega.es\/","url":"https:\/\/radiomega.es\/","name":"HOME -","isPartOf":{"@id":"https:\/\/radiomega.es\/#website"},"primaryImageOfPage":{"@id":"https:\/\/radiomega.es\/#primaryimage"},"image":{"@id":"https:\/\/radiomega.es\/#primaryimage"},"thumbnailUrl":"https:\/\/radiomega.es\/wp-content\/uploads\/2025\/10\/megasl3.webp","datePublished":"2025-10-09T11:37:30+00:00","dateModified":"2026-01-08T20:15:29+00:00","description":"Radio Mega es una emisora online sin \u00e1nimo de lucro que transmite m\u00fasica en vivo las 24 horas del d\u00eda. Nuestro objetivo es compartir buena m\u00fasica, cultura y entretenimiento con oyentes de todo el mundo.Disfruta de los mejores \u00e9xitos del momento, cl\u00e1sicos inolvidables y programas en directo con locutores apasionados por la radio.\ud83c\udfa7 Radio Mega: tu radio online gratuita y comunitaria, donde la m\u00fasica, la pasi\u00f3n y la gente se conectan. \u00a1Esc\u00fachanos en vivo y siente la energ\u00eda que solo Radio Mega puede darte!","breadcrumb":{"@id":"https:\/\/radiomega.es\/#breadcrumb"},"inLanguage":"en-US","potentialAction":[{"@type":"ReadAction","target":["https:\/\/radiomega.es\/"]}]},{"@type":"ImageObject","inLanguage":"en-US","@id":"https:\/\/radiomega.es\/#primaryimage","url":"https:\/\/radiomega.es\/wp-content\/uploads\/2025\/10\/megasl3.webp","contentUrl":"https:\/\/radiomega.es\/wp-content\/uploads\/2025\/10\/megasl3.webp","width":1920,"height":600},{"@type":"BreadcrumbList","@id":"https:\/\/radiomega.es\/#breadcrumb","itemListElement":[{"@type":"ListItem","position":1,"name":"Portada","item":"https:\/\/radiomega.es\/"},{"@type":"ListItem","position":2,"name":"HOME"}]},{"@type":"WebSite","@id":"https:\/\/radiomega.es\/#website","url":"https:\/\/radiomega.es\/","name":"","description":"","potentialAction":[{"@type":"SearchAction","target":{"@type":"EntryPoint","urlTemplate":"https:\/\/radiomega.es\/?s={search_term_string}"},"query-input":{"@type":"PropertyValueSpecification","valueRequired":true,"valueName":"search_term_string"}}],"inLanguage":"en-US"}]}},"uagb_featured_image_src":{"full":["https:\/\/radiomega.es\/wp-content\/uploads\/2025\/10\/megasl3.webp",1920,600,false],"thumbnail":["https:\/\/radiomega.es\/wp-content\/uploads\/2025\/10\/megasl3-150x150.webp",150,150,true],"medium":["https:\/\/radiomega.es\/wp-content\/uploads\/2025\/10\/megasl3-300x94.webp",300,94,true],"medium_large":["https:\/\/radiomega.es\/wp-content\/uploads\/2025\/10\/megasl3-768x240.webp",768,240,true],"large":["https:\/\/radiomega.es\/wp-content\/uploads\/2025\/10\/megasl3-1024x320.webp",1024,320,true],"1536x1536":["https:\/\/radiomega.es\/wp-content\/uploads\/2025\/10\/megasl3-1536x480.webp",1536,480,true],"2048x2048":["https:\/\/radiomega.es\/wp-content\/uploads\/2025\/10\/megasl3.webp",1920,600,false]},"uagb_author_info":{"display_name":"admin","author_link":"https:\/\/radiomega.es\/index.php\/author\/admin\/"},"uagb_comment_info":0,"uagb_excerpt":"Escucha nuestra emisi\u00f3n en directo \u00a0 Interact\u00faa con nuestra comunidad de discord Consulta nuestra programaci\u00f3n Semanal","_links":{"self":[{"href":"https:\/\/radiomega.es\/index.php\/wp-json\/wp\/v2\/pages\/115","targetHints":{"allow":["GET"]}}],"collection":[{"href":"https:\/\/radiomega.es\/index.php\/wp-json\/wp\/v2\/pages"}],"about":[{"href":"https:\/\/radiomega.es\/index.php\/wp-json\/wp\/v2\/types\/page"}],"author":[{"embeddable":true,"href":"https:\/\/radiomega.es\/index.php\/wp-json\/wp\/v2\/users\/1"}],"replies":[{"embeddable":true,"href":"https:\/\/radiomega.es\/index.php\/wp-json\/wp\/v2\/comments?post=115"}],"version-history":[{"count":112,"href":"https:\/\/radiomega.es\/index.php\/wp-json\/wp\/v2\/pages\/115\/revisions"}],"predecessor-version":[{"id":330,"href":"https:\/\/radiomega.es\/index.php\/wp-json\/wp\/v2\/pages\/115\/revisions\/330"}],"wp:featuredmedia":[{"embeddable":true,"href":"https:\/\/radiomega.es\/index.php\/wp-json\/wp\/v2\/media\/278"}],"wp:attachment":[{"href":"https:\/\/radiomega.es\/index.php\/wp-json\/wp\/v2\/media?parent=115"}],"curies":[{"name":"wp","href":"https:\/\/api.w.org\/{rel}","templated":true}]}}